{"id":16585,"date":"2019-12-14T12:14:26","date_gmt":"2019-12-14T11:14:26","guid":{"rendered":"https:\/\/www.michael-floessel.de\/mfblog\/?page_id=16585"},"modified":"2019-12-14T12:14:45","modified_gmt":"2019-12-14T11:14:45","slug":"blog-http-https-sicherheit","status":"publish","type":"page","link":"https:\/\/www.michael-floessel.de\/mfblog\/blog-http-https-sicherheit\/","title":{"rendered":"Blog, http &#038; https, Sicherheit"},"content":{"rendered":"<p><a href=\"https:\/\/www.michael-floessel.de\/mfblog\/sicher-unsicher-http-https-altes-neues\/\" target=\"_blank\" rel=\"noopener noreferrer\"><img loading=\"lazy\" decoding=\"async\" class=\"alignleft wp-image-9033 size-full\" src=\"https:\/\/www.michael-floessel.de\/mfblog\/wp-content\/uploads\/2013\/05\/artikelbild_passwort_test.jpg\" alt=\"Symbolbild Verschl\u00fcsselung\" width=\"240\" height=\"179\" srcset=\"https:\/\/www.michael-floessel.de\/mfblog\/wp-content\/uploads\/2013\/05\/artikelbild_passwort_test.jpg 240w, https:\/\/www.michael-floessel.de\/mfblog\/wp-content\/uploads\/2013\/05\/artikelbild_passwort_test-150x111.jpg 150w\" sizes=\"auto, (max-width: 240px) 100vw, 240px\" \/><\/a>In einem der letzten Blogbeitr\u00e4ge, habe einige Worte zum Thema Sicherheit und Verschl\u00fcsselung auf diesen Seiten gepostet.<\/p>\n<p>Da erfahrungsgem\u00e4\u00df der Eintrag im Laufe der Zeit etwas in den Hintergrund ger\u00e4t, stelle ihn den <em><strong><a title=\"Sicher, unsicher, HTTP, HTTPS, altes, neues\" href=\"https:\/\/www.michael-floessel.de\/mfblog\/sicher-unsicher-http-https-altes-neues\/\" target=\"_blank\" rel=\"noopener noreferrer\">Link dazu hier<\/a><\/strong><\/em> auf eine eigene Seite. Nat\u00fcrlich arbeite ich weiter an der Aufgabe, auch die letzte Verkn\u00fcpfung hier an die Gegebenheiten anzupassen, das schaffe ich aber nicht bis morgen oder auch in weinigen Wochen.<\/p>\n<p>Wer sich f\u00fcr die Problematik interessiert, kann hier aktuelles zu meinem Stand der Dinge bei\u00a0 der Umstellung von michael-floessel.de finden. N\u00e4here <a title=\"\" href=\"https:\/\/de.wikipedia.org\/wiki\/Hypertext_Transfer_Protocol_Secure\" target=\"_blank\" rel=\"noopener noreferrer\">Infos zum Thema SSL, TLS, Verschl\u00fcsselung und Co, gibt es nat\u00fcrlich auch bei Wikipedia<\/a>.<\/p>\n<p>&nbsp;<\/p>\n<p>&nbsp;<\/p>\n","protected":false},"excerpt":{"rendered":"<p>In einem der letzten Blogbeitr\u00e4ge, habe einige Worte zum Thema Sicherheit und Verschl\u00fcsselung auf diesen Seiten gepostet. Da erfahrungsgem\u00e4\u00df der Eintrag im Laufe der Zeit etwas in den Hintergrund ger\u00e4t, stelle ihn den Link dazu hier auf eine eigene Seite. &hellip; <a href=\"https:\/\/www.michael-floessel.de\/mfblog\/blog-http-https-sicherheit\/\">Weiterlesen <span class=\"meta-nav\">&rarr;<\/span><\/a><\/p>\n","protected":false},"author":2,"featured_media":13061,"parent":0,"menu_order":11,"comment_status":"closed","ping_status":"closed","template":"","meta":{"_monsterinsights_skip_tracking":false,"_monsterinsights_sitenote_active":false,"_monsterinsights_sitenote_note":"","_monsterinsights_sitenote_category":0,"footnotes":""},"class_list":["post-16585","page","type-page","status-publish","has-post-thumbnail","hentry"],"aioseo_notices":[],"_links":{"self":[{"href":"https:\/\/www.michael-floessel.de\/mfblog\/wp-json\/wp\/v2\/pages\/16585","targetHints":{"allow":["GET"]}}],"collection":[{"href":"https:\/\/www.michael-floessel.de\/mfblog\/wp-json\/wp\/v2\/pages"}],"about":[{"href":"https:\/\/www.michael-floessel.de\/mfblog\/wp-json\/wp\/v2\/types\/page"}],"author":[{"embeddable":true,"href":"https:\/\/www.michael-floessel.de\/mfblog\/wp-json\/wp\/v2\/users\/2"}],"replies":[{"embeddable":true,"href":"https:\/\/www.michael-floessel.de\/mfblog\/wp-json\/wp\/v2\/comments?post=16585"}],"version-history":[{"count":0,"href":"https:\/\/www.michael-floessel.de\/mfblog\/wp-json\/wp\/v2\/pages\/16585\/revisions"}],"wp:featuredmedia":[{"embeddable":true,"href":"https:\/\/www.michael-floessel.de\/mfblog\/wp-json\/wp\/v2\/media\/13061"}],"wp:attachment":[{"href":"https:\/\/www.michael-floessel.de\/mfblog\/wp-json\/wp\/v2\/media?parent=16585"}],"curies":[{"name":"wp","href":"https:\/\/api.w.org\/{rel}","templated":true}]}}