{"id":18045,"date":"2022-07-04T11:51:12","date_gmt":"2022-07-04T09:51:12","guid":{"rendered":"https:\/\/www.michael-floessel.de\/mfblog\/?page_id=18045"},"modified":"2022-11-09T06:46:35","modified_gmt":"2022-11-09T05:46:35","slug":"nutzung-von-inhalten","status":"publish","type":"page","link":"https:\/\/www.michael-floessel.de\/mfblog\/nutzung-von-inhalten\/","title":{"rendered":"Nutzung von Inhalten"},"content":{"rendered":"<h1><strong><a href=\"https:\/\/desasterkreis.de\/wp-content\/uploads\/2020\/03\/wichtig.png\" target=\"_blank\" rel=\"noopener noreferrer\"><br \/>\n<\/a><\/strong><strong><a href=\"https:\/\/www.michael-floessel.de\/mfblog\/wp-content\/uploads\/2020\/03\/wichtig.png\" target=\"_blank\" rel=\"noopener\"><img loading=\"lazy\" decoding=\"async\" class=\"alignleft wp-image-16968 size-full\" title=\"Achtung, bitte mal lesen, was da unten geschrieben steht!\" src=\"https:\/\/www.michael-floessel.de\/mfblog\/wp-content\/uploads\/2020\/03\/wichtig.png\" alt=\"Hinweis!\" width=\"1000\" height=\"400\" srcset=\"https:\/\/www.michael-floessel.de\/mfblog\/wp-content\/uploads\/2020\/03\/wichtig.png 1000w, https:\/\/www.michael-floessel.de\/mfblog\/wp-content\/uploads\/2020\/03\/wichtig-320x128.png 320w, https:\/\/www.michael-floessel.de\/mfblog\/wp-content\/uploads\/2020\/03\/wichtig-150x60.png 150w, https:\/\/www.michael-floessel.de\/mfblog\/wp-content\/uploads\/2020\/03\/wichtig-500x200.png 500w\" sizes=\"auto, (max-width: 1000px) 100vw, 1000px\" \/><\/a>Nutzung und Rechte<\/strong><\/h1>\n<p>Eigentlich mag ich Texte wie diesen hier nicht, leider muss es aber manchmal klare Worte geben.<\/p>\n<p>Worte, die eigentlich unn\u00f6tig sein sollten, da sie dem Allgemeinwissen zuzuschreiben und ohnehin in jedem Text zum Datenschutz zu finden sind.<\/p>\n<p>Da ich aber durchaus Bilder von mir schon auf Verkaufsplattformen gefunden oder auch direkt aus meinem Webspace eingebunden in anderen Webseiten im Log entdeckt habe, ist diese Hinweisseite wohl doch notwendig.<\/p>\n<p><em>Die Fotos hier im Blog &#8222;michael-floessel.de&#8220;, sind pers\u00f6nlich von mir aufgenommen oder ich habe die Genehmigung, sie zu nutzen. Eigentlich gibt es hier im Blog im Normalfall nichts, was nicht auch von mir pers\u00f6nlich angefertigt wurde oder was mir zur exklusiven Verwendung \u00fcberlassen wurde. Sollte dies ausnahmsweise nicht der Fall sein, ist es vermerkt oder ich habe eine andere Absprache mit den jeweiligen Autoren.<\/em><\/p>\n<p><em>Ich habe in der Regel nichts dagegen, wenn meine eigenen Erzeugnisse privat genutzt werden (vor allem auf privaten Webseiten), bei Ver\u00f6ffentlichung gen\u00fcgt mir eine Nennung der Domain \u201adesasterkreis.de\u2018.<\/em><\/p>\n<h2><em><strong>Sobald Gewinn aus Dingen gesch\u00f6pft wird oder werden soll, die ich erzeugt habe, gilt dies NICHT mehr!<\/strong><\/em><\/h2>\n<p><em>In diesem Fall bestehe ich auf vorheriger Kontaktaufnahme zur Kl\u00e4rung der Details.<\/em><\/p>\n<p><em>Ganz \u00fcbel st\u00f6\u00dft es mir auf, wenn einfach hier meine Fotos direkt auf anderen Webseiten genutzt werden, also auch direkt bei mir Datenverkehr und somit Kosten verursachen.<\/em><\/p>\n<p>Ich bin im Missbrauchsfall durchaus in der Lage, meine Interessen durchzusetzen und im Prinzip, ist ohnehin alles im <a title=\"Urheberrechtsgesetz (UrhG)\" href=\"https:\/\/www.gesetze-im-internet.de\/urhg\/\" target=\"_blank\" rel=\"noopener\">Urheberrechtsgesetz (UrhG)<\/a> geregelt.<\/p>\n<p><a href=\"https:\/\/www.michael-floessel.de\/mfblog\/wp-content\/uploads\/2020\/03\/wichtig.png\" target=\"_blank\" rel=\"noopener\"><img loading=\"lazy\" decoding=\"async\" class=\"alignright wp-image-16968 size-full\" title=\"Hinweis!\" src=\"https:\/\/www.michael-floessel.de\/mfblog\/wp-content\/uploads\/2020\/03\/wichtig.png\" alt=\"Hinweis!\" width=\"1000\" height=\"400\" srcset=\"https:\/\/www.michael-floessel.de\/mfblog\/wp-content\/uploads\/2020\/03\/wichtig.png 1000w, https:\/\/www.michael-floessel.de\/mfblog\/wp-content\/uploads\/2020\/03\/wichtig-320x128.png 320w, https:\/\/www.michael-floessel.de\/mfblog\/wp-content\/uploads\/2020\/03\/wichtig-150x60.png 150w, https:\/\/www.michael-floessel.de\/mfblog\/wp-content\/uploads\/2020\/03\/wichtig-500x200.png 500w\" sizes=\"auto, (max-width: 1000px) 100vw, 1000px\" \/><\/a><\/p>\n<p>&nbsp;<\/p>\n","protected":false},"excerpt":{"rendered":"<p>Nutzung und Rechte Eigentlich mag ich Texte wie diesen hier nicht, leider muss es aber manchmal klare Worte geben. Worte, die eigentlich unn\u00f6tig sein sollten, da sie dem Allgemeinwissen zuzuschreiben und ohnehin in jedem Text zum Datenschutz zu finden sind. &hellip; <a href=\"https:\/\/www.michael-floessel.de\/mfblog\/nutzung-von-inhalten\/\">Weiterlesen <span class=\"meta-nav\">&rarr;<\/span><\/a><\/p>\n","protected":false},"author":2,"featured_media":16968,"parent":0,"menu_order":20,"comment_status":"closed","ping_status":"closed","template":"","meta":{"_monsterinsights_skip_tracking":false,"_monsterinsights_sitenote_active":false,"_monsterinsights_sitenote_note":"","_monsterinsights_sitenote_category":0,"footnotes":""},"class_list":["post-18045","page","type-page","status-publish","has-post-thumbnail","hentry"],"aioseo_notices":[],"_links":{"self":[{"href":"https:\/\/www.michael-floessel.de\/mfblog\/wp-json\/wp\/v2\/pages\/18045","targetHints":{"allow":["GET"]}}],"collection":[{"href":"https:\/\/www.michael-floessel.de\/mfblog\/wp-json\/wp\/v2\/pages"}],"about":[{"href":"https:\/\/www.michael-floessel.de\/mfblog\/wp-json\/wp\/v2\/types\/page"}],"author":[{"embeddable":true,"href":"https:\/\/www.michael-floessel.de\/mfblog\/wp-json\/wp\/v2\/users\/2"}],"replies":[{"embeddable":true,"href":"https:\/\/www.michael-floessel.de\/mfblog\/wp-json\/wp\/v2\/comments?post=18045"}],"version-history":[{"count":0,"href":"https:\/\/www.michael-floessel.de\/mfblog\/wp-json\/wp\/v2\/pages\/18045\/revisions"}],"wp:featuredmedia":[{"embeddable":true,"href":"https:\/\/www.michael-floessel.de\/mfblog\/wp-json\/wp\/v2\/media\/16968"}],"wp:attachment":[{"href":"https:\/\/www.michael-floessel.de\/mfblog\/wp-json\/wp\/v2\/media?parent=18045"}],"curies":[{"name":"wp","href":"https:\/\/api.w.org\/{rel}","templated":true}]}}